{"id":10448,"date":"2025-06-19T17:22:54","date_gmt":"2025-06-19T14:22:54","guid":{"rendered":"https:\/\/nyhealthco.com\/?page_id=10448"},"modified":"2025-10-08T21:35:36","modified_gmt":"2025-10-08T18:35:36","slug":"blog1","status":"publish","type":"page","link":"https:\/\/nyhealthco.com\/index.php\/blog1\/","title":{"rendered":"T\u00fcrkiye\u2019de Sa\u011fl\u0131k Turizminin 2025 Vizyonu"},"content":{"rendered":"\t\t<div data-elementor-type=\"wp-page\" data-elementor-id=\"10448\" class=\"elementor elementor-10448\">\n\t\t\t\t<div class=\"elementor-element elementor-element-e45c8fb e-flex e-con-boxed e-con e-parent\" data-id=\"e45c8fb\" data-element_type=\"container\" data-settings=\"{&quot;background_background&quot;:&quot;classic&quot;}\">\n\t\t\t\t\t<div class=\"e-con-inner\">\n\t\t<div data-parallax=\"true\" data-parallax-options=\"{&quot;ease&quot;:[&quot;linear&quot;],&quot;start&quot;:&quot;center center&quot;,&quot;end&quot;:&quot;bottom+=0px top&quot;}\" data-parallax-from=\"{&quot;y&quot;:&quot;0px&quot;,&quot;z&quot;:&quot;0px&quot;,&quot;scaleX&quot;:1,&quot;scaleY&quot;:1,&quot;opacity&quot;:1,&quot;transformOrigin&quot;:&quot;50% 50% 0px&quot;}\" data-parallax-to=\"{&quot;y&quot;:&quot;-200px&quot;,&quot;z&quot;:&quot;50px&quot;,&quot;scaleX&quot;:0.7,&quot;scaleY&quot;:0.7,&quot;opacity&quot;:0,&quot;transformOrigin&quot;:&quot;50% 50% 0px&quot;}\" class=\"elementor-element elementor-element-d4a7c05 e-con-full e-flex e-con e-child\" data-id=\"d4a7c05\" data-element_type=\"container\">\n\t\t\t\t<div class=\"elementor-element elementor-element-ec2bf01 elementor-widget elementor-widget-hub_fancy_heading\" data-id=\"ec2bf01\" data-element_type=\"widget\" data-widget_type=\"hub_fancy_heading.default\">\n\t\t\t\t<div class=\"elementor-widget-container\">\n\t\t\t\t\t\n\t\t<div id=\"ld-fancy-heading-6a023bffcae7f\" class=\"ld-fancy-heading pos-rel\">\n\t\t\t<h2 class=\"ld-fh-element d-inline-block pos-rel  elementor-heading-title ld-gradient-heading lqd-highlight-custom lqd-highlight-custom-2 h2\"  data-inview=\"true\" data-transition-delay=\"true\" data-delay-options=\"{&quot;elements&quot;:&quot;.lqd-highlight-inner&quot;,&quot;delayType&quot;:&quot;transition&quot;}\" > NY Health Blog'a<mark class=\"lqd-highlight\"><span class=\"lqd-highlight-txt\"  >Ho\u015f Geldiniz<\/span><span class=\"lqd-highlight-inner\"><svg class=\"lqd-highlight-pen\" width=\"51\" height=\"51\" viewBox=\"0 0 51 51\" xmlns=\"http:\/\/www.w3.org\/2000\/svg\"><path d=\"M36.204 1.044C32.02 2.814 5.66 31.155 4.514 35.116c-.632 2.182-1.75 5.516-2.483 7.409-3.024 7.805-1.54 9.29 6.265 6.265 1.893-.733 5.227-1.848 7.41-2.477 3.834-1.105 4.473-1.647 19.175-16.27 0 0 10.63-10.546 15.21-15.125C53 8.997 42.021-1.418 36.203 1.044Zm7.263 5.369c3.56 3.28 4.114 4.749 2.643 6.995l-1.115 1.7-4.586-4.543-4.585-4.544 1.42-1.157C39.311 3.18 40.2 3.4 43.467 6.413ZM37.863 13.3l4.266 4.304-11.547 11.561-11.547 11.561-4.48-4.446-4.481-4.447 11.404-11.418c6.273-6.28 11.566-11.42 11.762-11.42.197 0 2.277 1.938 4.623 4.305ZM12.016 39.03l3.54 3.584-3.562 1.098-5.316 1.641c-1.665.516-1.727.455-1.211-1.21l1.614-5.226c1.289-4.177.685-4.191 4.935.113Z\"\/><\/svg><svg class=\"lqd-highlight-brush-svg lqd-highlight-brush-svg-2\" width=\"233\" height=\"13\" viewBox=\"0 0 233 13\" xmlns=\"http:\/\/www.w3.org\/2000\/svg\" aria-hidden=\"true\" preserveAspectRatio=\"none\"><path d=\"m.624 9.414-.312-2.48C0 4.454.001 4.454.002 4.454l.035-.005.102-.013.398-.047c.351-.042.872-.102 1.557-.179 1.37-.152 3.401-.368 6.05-.622C13.44 3.081 21.212 2.42 31.13 1.804 50.966.572 79.394-.48 113.797.24c34.387.717 63.927 2.663 84.874 4.429a1048.61 1048.61 0 0 1 24.513 2.34 641.605 641.605 0 0 1 8.243.944l.432.054.149.02-.318 2.479-.319 2.48-.137-.018c-.094-.012-.234-.03-.421-.052a634.593 634.593 0 0 0-8.167-.936 1043.26 1043.26 0 0 0-24.395-2.329c-20.864-1.76-50.296-3.697-84.558-4.413-34.246-.714-62.535.332-82.253 1.556-9.859.612-17.574 1.269-22.82 1.772-2.622.251-4.627.464-5.973.614a213.493 213.493 0 0 0-1.901.22l-.094.01-.028.004Z\"\/><\/svg><\/span><\/mark>!<\/h2>\t\t<\/div>\n\n\t\t\t\t\t\t<\/div>\n\t\t\t\t<\/div>\n\t\t\t\t<div class=\"elementor-element elementor-element-116ce81 elementor-widget elementor-widget-hub_fancy_heading\" data-id=\"116ce81\" data-element_type=\"widget\" data-widget_type=\"hub_fancy_heading.default\">\n\t\t\t\t<div class=\"elementor-widget-container\">\n\t\t\t\t\t\n\t\t<div id=\"ld-fancy-heading-6a023bffcb5d0\" class=\"ld-fancy-heading pos-rel\">\n\t\t\t<p class=\"ld-fh-element d-inline-block pos-rel  lqd-highlight-classic lqd-highlight-grow-left p\"  > Sa\u011fl\u0131\u011f\u0131n\u0131zla ilgili en g\u00fcncel bilgiler, tedavi y\u00f6ntemleri ve uzman \u00f6nerilerini burada bulabilirsiniz. NY Health Blog ile bilin\u00e7li sa\u011fl\u0131k kararlar\u0131 almak art\u0131k \u00e7ok daha kolay!<\/p>\t\t<\/div>\n\n\t\t\t\t\t\t<\/div>\n\t\t\t\t<\/div>\n\t\t\t\t<\/div>\n\t\t\t\t\t<\/div>\n\t\t\t\t<\/div>\n\t\t<div data-custom-animations=\"true\" data-ca-options=\"{&quot;addChildTimelines&quot;:false,&quot;trigger&quot;:&quot;firstChild&quot;,&quot;animationTarget&quot;:&quot;:scope  &gt; .elementor-element:not(.lqd-exclude-parent-ca) &gt; .elementor-widget-container, :scope  &gt; .elementor-widget-hub_fancy_heading .lqd-split-lines .lqd-lines .split-inner, :scope  &gt; .elementor-widget-hub_fancy_heading .lqd-split-words .lqd-words .split-inner, :scope  &gt; .elementor-widget-hub_fancy_heading .lqd-split-chars .lqd-chars .split-inner, :scope  &gt; .elementor-widget-hub_fancy_heading .lqd-adv-txt-fig, :scope  &gt; .elementor-widget-ld_custom_menu .lqd-fancy-menu &gt; ul &gt; li, :scope .e-con:not([data-parallax]) .elementor-element &gt; .elementor-widget-container, :scope .e-con:not([data-parallax]) .elementor-widget-hub_fancy_heading .lqd-split-lines .lqd-lines .split-inner, :scope .e-con:not([data-parallax]) .elementor-widget-hub_fancy_heading .lqd-split-words .lqd-words .split-inner, :scope .e-con:not([data-parallax]) .elementor-widget-hub_fancy_heading .lqd-split-chars .lqd-chars .split-inner, :scope .e-con:not([data-parallax]) .elementor-widget-ld_custom_menu .lqd-fancy-menu &gt; ul &gt; li&quot;,&quot;duration&quot;:750,&quot;startDelay&quot;:250,&quot;delay&quot;:60,&quot;ease&quot;:&quot;expo.out&quot;,&quot;initValues&quot;:{&quot;y&quot;:&quot;150px&quot;,&quot;scaleX&quot;:0.5,&quot;scaleY&quot;:0.5,&quot;opacity&quot;:0,&quot;transformOrigin&quot;:&quot;50% 50% 0px&quot;},&quot;animations&quot;:{&quot;y&quot;:&quot;0px&quot;,&quot;scaleX&quot;:1,&quot;scaleY&quot;:1,&quot;opacity&quot;:1,&quot;transformOrigin&quot;:&quot;50% 50% 0px&quot;}}\" class=\"elementor-element elementor-element-57387d4 e-con-full e-flex e-con e-parent\" data-id=\"57387d4\" data-element_type=\"container\">\n\t\t\t\t<div class=\"elementor-element elementor-element-00f924e elementor-widget__width-inherit elementor-widget-mobile__width-inherit elementor-widget elementor-widget-hub_fancy_heading lqd-el-has-inner-anim\" data-id=\"00f924e\" data-element_type=\"widget\" data-settings=\"{&quot;enable_split&quot;:&quot;true&quot;,&quot;split_type&quot;:&quot;lines&quot;}\" data-widget_type=\"hub_fancy_heading.default\">\n\t\t\t\t<div class=\"elementor-widget-container\">\n\t\t\t\t\t\n\t\t<div id=\"ld-fancy-heading-6a023bffcb959\" class=\"ld-fancy-heading pos-rel mask-text\">\n\t\t\t<h2 class=\"ld-fh-element d-inline-block pos-rel  elementor-heading-title lqd-highlight-classic lqd-highlight-grow-left lqd-split-lines h2\"  data-split-text=\"true\" data-split-options='{\"type\":\"lines\"}'> T\u00fcrkiye\u2019de Sa\u011fl\u0131k Turizminin 2025 Vizyonu<\/h2>\t\t<\/div>\n\n\t\t\t\t\t\t<\/div>\n\t\t\t\t<\/div>\n\t\t\t\t<div class=\"elementor-element elementor-element-065ccca elementor-widget__width-initial elementor-widget-tablet_extra__width-initial elementor-widget elementor-widget-hub_fancy_heading lqd-el-has-inner-anim\" data-id=\"065ccca\" data-element_type=\"widget\" data-settings=\"{&quot;enable_split&quot;:&quot;true&quot;,&quot;split_type&quot;:&quot;lines&quot;}\" data-widget_type=\"hub_fancy_heading.default\">\n\t\t\t\t<div class=\"elementor-widget-container\">\n\t\t\t\t\t\n\t\t<div id=\"ld-fancy-heading-6a023bffcbcba\" class=\"ld-fancy-heading pos-rel mask-text\">\n\t\t\t<p class=\"ld-fh-element d-inline-block pos-rel  lqd-highlight-classic lqd-highlight-grow-left lqd-split-lines p\"  data-split-text=\"true\" data-split-options='{\"type\":\"lines\"}'> T\u00fcrkiye, son y\u0131llarda sa\u011fl\u0131k turizmi alan\u0131nda d\u00fcnyan\u0131n dikkatini \u00e7eken bir merkez haline geldi. Geli\u015fmi\u015f hastaneler, modern teknolojiler ve deneyimli uzman kadrolar\u0131yla T\u00fcrkiye, hem Avrupa hem de Orta Do\u011fu\u2019dan gelen hastalar i\u00e7in g\u00fcvenilir bir tedavi noktas\u0131 sunuyor.\n<br><br>\n\u00dclkemizin stratejik konumu, uygun maliyet avantaj\u0131 ve kaliteli hizmet anlay\u0131\u015f\u0131, 2025 vizyonunda sa\u011fl\u0131k turizmini daha da ileri ta\u015f\u0131may\u0131 hedefliyor. Estetik cerrahiden ortopedik operasyonlara, obezite tedavisinden onkolojiye kadar pek \u00e7ok alanda uluslararas\u0131 standartlarda hizmet veriliyor.\n<br><br>\nNY Health olarak, yurtd\u0131\u015f\u0131ndan gelen hastalar\u0131m\u0131za profesyonel dan\u0131\u015fmanl\u0131k, tedavi planlamas\u0131 ve operasyon sonras\u0131 destek hizmetleri sunuyoruz. Sa\u011fl\u0131kl\u0131 bir gelece\u011fe ad\u0131m atmak i\u00e7in bizimle ileti\u015fime ge\u00e7ebilirsiniz.<\/p>\t\t<\/div>\n\n\t\t\t\t\t\t<\/div>\n\t\t\t\t<\/div>\n\t\t<div class=\"elementor-element elementor-element-c35eec9 e-flex e-con-boxed e-con e-child\" data-id=\"c35eec9\" data-element_type=\"container\">\n\t\t\t\t\t<div class=\"e-con-inner\">\n\t\t\t\t<div class=\"elementor-element elementor-element-8ba4091 elementor-widget elementor-widget-ld_modal_window\" data-id=\"8ba4091\" data-element_type=\"widget\" data-settings=\"{&quot;content_type&quot;:&quot;el_template&quot;}\" data-widget_type=\"ld_modal_window.default\">\n\t\t\t\t<div class=\"elementor-widget-container\">\n\t\t\t\t\t\n\t\t\n\t\t\n\t\t\t<div id=\"modal-6263\" class=\"lqd-modal lqd-lity-hide\" data-modal-type=\"fullscreen\">\n\n\t\t\t\t\n\t\t\t\t<div class=\"lqd-modal-inner\">\n\n\t\t\t\t\t\t\t\t\t\t<div class=\"lqd-modal-content\">\n\t\t\t\t\t\t\t\t\t\t\t<\/div>\n\n\t\t\t\t\t<div class=\"lqd-modal-foot\"><\/div>\n\n\t\t\t\t<\/div>\n\t\t\t<\/div>\n\n\t\t\n\t\t\t\t\t\t<\/div>\n\t\t\t\t<\/div>\n\t\t\t\t\t<\/div>\n\t\t\t\t<\/div>\n\t\t\t\t<\/div>\n\t\t<div class=\"elementor-element elementor-element-0e7c768 e-flex e-con-boxed e-con e-parent\" data-id=\"0e7c768\" data-element_type=\"container\">\n\t\t\t\t\t<div class=\"e-con-inner\">\n\t\t\t\t<div class=\"elementor-element elementor-element-2d1d28e elementor-widget__width-inherit elementor-widget-mobile__width-initial elementor-widget elementor-widget-hub_fancy_heading lqd-el-has-inner-anim\" data-id=\"2d1d28e\" data-element_type=\"widget\" data-settings=\"{&quot;enable_split&quot;:&quot;true&quot;,&quot;split_type&quot;:&quot;lines&quot;}\" data-widget_type=\"hub_fancy_heading.default\">\n\t\t\t\t<div class=\"elementor-widget-container\">\n\t\t\t\t\t\n\t\t<div id=\"ld-fancy-heading-6a023bffccae3\" class=\"ld-fancy-heading pos-rel mask-text\">\n\t\t\t<h4 class=\"ld-fh-element d-inline-block pos-rel  elementor-heading-title lqd-highlight-classic lqd-highlight-grow-left lqd-split-lines h4\"  data-split-text=\"true\" data-split-options='{\"type\":\"lines\"}'> Okumaya Devam Edin...<\/h4>\t\t<\/div>\n\n\t\t\t\t\t\t<\/div>\n\t\t\t\t<\/div>\n\t\t\t\t\t<\/div>\n\t\t\t\t<\/div>\n\t\t\t\t<section class=\"elementor-section elementor-top-section elementor-element elementor-element-e3ac98b elementor-section-full_width elementor-section-height-default elementor-section-height-default\" data-id=\"e3ac98b\" data-element_type=\"section\" data-settings=\"{&quot;background_background&quot;:&quot;slideshow&quot;,&quot;background_slideshow_gallery&quot;:[],&quot;background_slideshow_loop&quot;:&quot;yes&quot;,&quot;background_slideshow_slide_duration&quot;:5000,&quot;background_slideshow_slide_transition&quot;:&quot;fade&quot;,&quot;background_slideshow_transition_duration&quot;:500}\">\n\t\t\t\t\t\t\t<div class=\"elementor-background-overlay\"><\/div>\n\t\t\t\t\t\t\t<div class=\"elementor-container elementor-column-gap-wide\">\n\t\t\t\t\t<div class=\"elementor-column elementor-col-100 elementor-top-column elementor-element elementor-element-ed3e758\" data-id=\"ed3e758\" data-element_type=\"column\">\n\t\t\t<div class=\"elementor-widget-wrap elementor-element-populated\">\n\t\t\t\t\t\t<div class=\"elementor-element elementor-element-d49d4f5 elementor-widget elementor-widget-ld_flipbox\" data-id=\"d49d4f5\" data-element_type=\"widget\" data-widget_type=\"ld_flipbox.default\">\n\t\t\t\t<div class=\"elementor-widget-container\">\n\t\t\t\t\t\t\t<div class=\"ld-flipbox d-flex flex-column justify-content-center align-items-center pos-rel perspective ld-flipbox-bt ld-flipbox-shadow border-radius-4\">\n\t\t\t<div class=\"ld-flipbox-wrap w-100 pos-rel transform-style-3d\">\n\t\t\t\t<div id=\"front-d49d4f5\" class=\"ld-flipbox-face ld-flipbox-front d-flex flex-column w-100 backface-hidden transform-style-3d\">\n\t\t\t\t\t\t<span class=\"ld-flipbox-overlay lqd-overlay\">\n\t\t\t\t\t\t<\/span><div class=\"ld-flipbox-inner w-100 flex-grow-1 align-items-center justify-content-center backface-hidden\"><h5 style=\"font-weight: bold; line-height: 1.1;\"><br \/><span style=\"color: #ffffff; font-size: 30px;\">Sleeve Gastrektomi Sonras\u0131 \u0130lk 30 G\u00fcn<\/span><\/h5><\/div><\/div><div id=\"back-d49d4f5\" class=\"ld-flipbox-face ld-flipbox-back d-flex flex-column lqd-overlay backface-hidden transform-style-3d\">\n\t\t\t\t\t\t<span class=\"ld-flipbox-overlay lqd-overlay\">\n\t\t\t\t\t\t<\/span><div class=\"ld-flipbox-inner d-flex flex-column flex-grow-1 align-items-center justify-content-center w-100 backface-hidden\"><p><a class=\"btn elementor-button btn-solid btn-sm round\" style=\"color: #ffffff;\" href=\"\/index.php\/obezite-ve-sleeve-gastrektomi-tedavi-sureci\">Devam\u0131n\u0131 Okuyun<br \/><span class=\"btn-icon ml-2\"><br \/><i class=\"lqd-icn-ess icon-md-arrow-forward\" style=\"color: #ffffff;\"><\/i><br \/><\/span><br \/><\/a><\/p><\/div><\/div>\t\t\t<\/div>\n\t\t<\/div>\n\t\t\t\t\t\t<\/div>\n\t\t\t\t<\/div>\n\t\t\t\t\t<\/div>\n\t\t<\/div>\n\t\t\t\t<div class=\"elementor-column elementor-col-100 elementor-top-column elementor-element elementor-element-f9bead8\" data-id=\"f9bead8\" data-element_type=\"column\">\n\t\t\t<div class=\"elementor-widget-wrap elementor-element-populated\">\n\t\t\t\t\t\t<div class=\"elementor-element elementor-element-7f9600a elementor-widget elementor-widget-ld_flipbox\" data-id=\"7f9600a\" data-element_type=\"widget\" data-widget_type=\"ld_flipbox.default\">\n\t\t\t\t<div class=\"elementor-widget-container\">\n\t\t\t\t\t\t\t<div class=\"ld-flipbox d-flex flex-column justify-content-center align-items-center pos-rel perspective ld-flipbox-bt ld-flipbox-shadow border-radius-4\">\n\t\t\t<div class=\"ld-flipbox-wrap w-100 pos-rel transform-style-3d\">\n\t\t\t\t<div id=\"front-7f9600a\" class=\"ld-flipbox-face ld-flipbox-front d-flex flex-column w-100 backface-hidden transform-style-3d\">\n\t\t\t\t\t\t<span class=\"ld-flipbox-overlay lqd-overlay\">\n\t\t\t\t\t\t<\/span><div class=\"ld-flipbox-inner w-100 flex-grow-1 align-items-center justify-content-center backface-hidden\"><h5 style=\"font-weight: bold; line-height: 1.1;\"><br \/><span style=\"color: #ffffff; font-size: 26px;\">Skolyoz Ameliyat\u0131 Sonras\u0131 Duru\u015fu G\u00fc\u00e7lendiren Egzersizler<br \/><\/span><\/h5><\/div><\/div><div id=\"back-7f9600a\" class=\"ld-flipbox-face ld-flipbox-back d-flex flex-column lqd-overlay backface-hidden transform-style-3d\">\n\t\t\t\t\t\t<span class=\"ld-flipbox-overlay lqd-overlay\">\n\t\t\t\t\t\t<\/span><div class=\"ld-flipbox-inner d-flex flex-column flex-grow-1 align-items-center justify-content-center w-100 backface-hidden\"><p><a class=\"btn elementor-button btn-solid btn-sm round\" style=\"color: #ffffff;\" href=\"\/index.php\/skolyoz-tedavisinde-yenilikci-yontemler-ve-ny-health-yaklasimi\">Devam\u0131n\u0131 Okuyun<br \/><span class=\"btn-icon ml-2\"><br \/><i class=\"lqd-icn-ess icon-md-arrow-forward\" style=\"color: #ffffff;\"><\/i><br \/><\/span><br \/><\/a><\/p><\/div><\/div>\t\t\t<\/div>\n\t\t<\/div>\n\t\t\t\t\t\t<\/div>\n\t\t\t\t<\/div>\n\t\t\t\t\t<\/div>\n\t\t<\/div>\n\t\t\t\t\t<\/div>\n\t\t<\/section>\n\t\t\t\t<\/div>\n\t\t","protected":false},"excerpt":{"rendered":"<p>NY Health Blog&#8217;aHo\u015f Geldiniz! Sa\u011fl\u0131\u011f\u0131n\u0131zla ilgili en g\u00fcncel bilgiler, tedavi y\u00f6ntemleri ve uzman \u00f6nerilerini burada bulabilirsiniz. NY Health Blog ile bilin\u00e7li sa\u011fl\u0131k kararlar\u0131 almak art\u0131k \u00e7ok daha kolay! T\u00fcrkiye\u2019de Sa\u011fl\u0131k Turizminin 2025 Vizyonu T\u00fcrkiye, son y\u0131llarda sa\u011fl\u0131k turizmi alan\u0131nda d\u00fcnyan\u0131n dikkatini \u00e7eken bir merkez haline geldi. Geli\u015fmi\u015f hastaneler, modern teknolojiler ve deneyimli uzman kadrolar\u0131yla T\u00fcrkiye, [&hellip;]<\/p>\n","protected":false},"author":2,"featured_media":0,"parent":0,"menu_order":0,"comment_status":"closed","ping_status":"closed","template":"","meta":{"footnotes":""},"class_list":["post-10448","page","type-page","status-publish","hentry"],"yoast_head":"<!-- This site is optimized with the Yoast SEO plugin v25.3.1 - https:\/\/yoast.com\/wordpress\/plugins\/seo\/ -->\n<title>T\u00fcrkiye\u2019de Sa\u011fl\u0131k Turizminin 2025 Vizyonu &#8226; Ny Health Consulting<\/title>\n<meta name=\"description\" content=\"NY Health bloguyla sa\u011fl\u0131k yolculu\u011funuzda destek olun. En yeni tedavi y\u00f6ntemleri, hasta deneyimleri ve sa\u011fl\u0131k turizmi haberleri burada sizi bekliyor.\" \/>\n<meta name=\"robots\" content=\"index, follow, max-snippet:-1, max-image-preview:large, max-video-preview:-1\" \/>\n<link rel=\"canonical\" href=\"https:\/\/nyhealthco.com\/index.php\/blog1\/\" \/>\n<meta property=\"og:locale\" content=\"tr_TR\" \/>\n<meta property=\"og:type\" content=\"article\" \/>\n<meta property=\"og:title\" content=\"T\u00fcrkiye\u2019de Sa\u011fl\u0131k Turizminin 2025 Vizyonu &#8226; Ny Health Consulting\" \/>\n<meta property=\"og:description\" content=\"NY Health bloguyla sa\u011fl\u0131k yolculu\u011funuzda destek olun. En yeni tedavi y\u00f6ntemleri, hasta deneyimleri ve sa\u011fl\u0131k turizmi haberleri burada sizi bekliyor.\" \/>\n<meta property=\"og:url\" content=\"https:\/\/nyhealthco.com\/index.php\/blog1\/\" \/>\n<meta property=\"og:site_name\" content=\"Ny Health Consulting\" \/>\n<meta property=\"article:modified_time\" content=\"2025-10-08T18:35:36+00:00\" \/>\n<meta property=\"og:image\" content=\"https:\/\/nyhealthco.com\/wp-content\/uploads\/2025\/06\/nylg.png\" \/>\n\t<meta property=\"og:image:width\" content=\"500\" \/>\n\t<meta property=\"og:image:height\" content=\"500\" \/>\n\t<meta property=\"og:image:type\" content=\"image\/png\" \/>\n<meta name=\"twitter:card\" content=\"summary_large_image\" \/>\n<meta name=\"twitter:label1\" content=\"Tahmini okuma s\u00fcresi\" \/>\n\t<meta name=\"twitter:data1\" content=\"1 dakika\" \/>\n<script type=\"application\/ld+json\" class=\"yoast-schema-graph\">{\"@context\":\"https:\/\/schema.org\",\"@graph\":[{\"@type\":\"WebPage\",\"@id\":\"https:\/\/nyhealthco.com\/index.php\/blog1\/\",\"url\":\"https:\/\/nyhealthco.com\/index.php\/blog1\/\",\"name\":\"T\u00fcrkiye\u2019de Sa\u011fl\u0131k Turizminin 2025 Vizyonu &#8226; Ny Health Consulting\",\"isPartOf\":{\"@id\":\"https:\/\/nyhealthco.com\/#website\"},\"datePublished\":\"2025-06-19T14:22:54+00:00\",\"dateModified\":\"2025-10-08T18:35:36+00:00\",\"description\":\"NY Health bloguyla sa\u011fl\u0131k yolculu\u011funuzda destek olun. En yeni tedavi y\u00f6ntemleri, hasta deneyimleri ve sa\u011fl\u0131k turizmi haberleri burada sizi bekliyor.\",\"breadcrumb\":{\"@id\":\"https:\/\/nyhealthco.com\/index.php\/blog1\/#breadcrumb\"},\"inLanguage\":\"tr\",\"potentialAction\":[{\"@type\":\"ReadAction\",\"target\":[\"https:\/\/nyhealthco.com\/index.php\/blog1\/\"]}]},{\"@type\":\"BreadcrumbList\",\"@id\":\"https:\/\/nyhealthco.com\/index.php\/blog1\/#breadcrumb\",\"itemListElement\":[{\"@type\":\"ListItem\",\"position\":1,\"name\":\"Anasayfa\",\"item\":\"https:\/\/nyhealthco.com\/\"},{\"@type\":\"ListItem\",\"position\":2,\"name\":\"T\u00fcrkiye\u2019de Sa\u011fl\u0131k Turizminin 2025 Vizyonu\"}]},{\"@type\":\"WebSite\",\"@id\":\"https:\/\/nyhealthco.com\/#website\",\"url\":\"https:\/\/nyhealthco.com\/\",\"name\":\"Ny Health Consulting\",\"description\":\"En g\u00fcncel sa\u011fl\u0131k \u00e7\u00f6z\u00fcmleriyle yan\u0131n\u0131zday\u0131z!\",\"publisher\":{\"@id\":\"https:\/\/nyhealthco.com\/#organization\"},\"potentialAction\":[{\"@type\":\"SearchAction\",\"target\":{\"@type\":\"EntryPoint\",\"urlTemplate\":\"https:\/\/nyhealthco.com\/?s={search_term_string}\"},\"query-input\":{\"@type\":\"PropertyValueSpecification\",\"valueRequired\":true,\"valueName\":\"search_term_string\"}}],\"inLanguage\":\"tr\"},{\"@type\":\"Organization\",\"@id\":\"https:\/\/nyhealthco.com\/#organization\",\"name\":\"Ny Health Consulting\",\"url\":\"https:\/\/nyhealthco.com\/\",\"logo\":{\"@type\":\"ImageObject\",\"inLanguage\":\"tr\",\"@id\":\"https:\/\/nyhealthco.com\/#\/schema\/logo\/image\/\",\"url\":\"https:\/\/nyhealthco.com\/wp-content\/uploads\/2024\/09\/cropped-nylogoicon.png\",\"contentUrl\":\"https:\/\/nyhealthco.com\/wp-content\/uploads\/2024\/09\/cropped-nylogoicon.png\",\"width\":512,\"height\":512,\"caption\":\"Ny Health Consulting\"},\"image\":{\"@id\":\"https:\/\/nyhealthco.com\/#\/schema\/logo\/image\/\"},\"sameAs\":[\"https:\/\/www.instagram.com\/nyhealthco\"]}]}<\/script>\n<!-- \/ Yoast SEO plugin. -->","yoast_head_json":{"title":"T\u00fcrkiye\u2019de Sa\u011fl\u0131k Turizminin 2025 Vizyonu &#8226; Ny Health Consulting","description":"NY Health bloguyla sa\u011fl\u0131k yolculu\u011funuzda destek olun. En yeni tedavi y\u00f6ntemleri, hasta deneyimleri ve sa\u011fl\u0131k turizmi haberleri burada sizi bekliyor.","robots":{"index":"index","follow":"follow","max-snippet":"max-snippet:-1","max-image-preview":"max-image-preview:large","max-video-preview":"max-video-preview:-1"},"canonical":"https:\/\/nyhealthco.com\/index.php\/blog1\/","og_locale":"tr_TR","og_type":"article","og_title":"T\u00fcrkiye\u2019de Sa\u011fl\u0131k Turizminin 2025 Vizyonu &#8226; Ny Health Consulting","og_description":"NY Health bloguyla sa\u011fl\u0131k yolculu\u011funuzda destek olun. En yeni tedavi y\u00f6ntemleri, hasta deneyimleri ve sa\u011fl\u0131k turizmi haberleri burada sizi bekliyor.","og_url":"https:\/\/nyhealthco.com\/index.php\/blog1\/","og_site_name":"Ny Health Consulting","article_modified_time":"2025-10-08T18:35:36+00:00","og_image":[{"width":500,"height":500,"url":"https:\/\/nyhealthco.com\/wp-content\/uploads\/2025\/06\/nylg.png","type":"image\/png"}],"twitter_card":"summary_large_image","twitter_misc":{"Tahmini okuma s\u00fcresi":"1 dakika"},"schema":{"@context":"https:\/\/schema.org","@graph":[{"@type":"WebPage","@id":"https:\/\/nyhealthco.com\/index.php\/blog1\/","url":"https:\/\/nyhealthco.com\/index.php\/blog1\/","name":"T\u00fcrkiye\u2019de Sa\u011fl\u0131k Turizminin 2025 Vizyonu &#8226; Ny Health Consulting","isPartOf":{"@id":"https:\/\/nyhealthco.com\/#website"},"datePublished":"2025-06-19T14:22:54+00:00","dateModified":"2025-10-08T18:35:36+00:00","description":"NY Health bloguyla sa\u011fl\u0131k yolculu\u011funuzda destek olun. En yeni tedavi y\u00f6ntemleri, hasta deneyimleri ve sa\u011fl\u0131k turizmi haberleri burada sizi bekliyor.","breadcrumb":{"@id":"https:\/\/nyhealthco.com\/index.php\/blog1\/#breadcrumb"},"inLanguage":"tr","potentialAction":[{"@type":"ReadAction","target":["https:\/\/nyhealthco.com\/index.php\/blog1\/"]}]},{"@type":"BreadcrumbList","@id":"https:\/\/nyhealthco.com\/index.php\/blog1\/#breadcrumb","itemListElement":[{"@type":"ListItem","position":1,"name":"Anasayfa","item":"https:\/\/nyhealthco.com\/"},{"@type":"ListItem","position":2,"name":"T\u00fcrkiye\u2019de Sa\u011fl\u0131k Turizminin 2025 Vizyonu"}]},{"@type":"WebSite","@id":"https:\/\/nyhealthco.com\/#website","url":"https:\/\/nyhealthco.com\/","name":"Ny Health Consulting","description":"En g\u00fcncel sa\u011fl\u0131k \u00e7\u00f6z\u00fcmleriyle yan\u0131n\u0131zday\u0131z!","publisher":{"@id":"https:\/\/nyhealthco.com\/#organization"},"potentialAction":[{"@type":"SearchAction","target":{"@type":"EntryPoint","urlTemplate":"https:\/\/nyhealthco.com\/?s={search_term_string}"},"query-input":{"@type":"PropertyValueSpecification","valueRequired":true,"valueName":"search_term_string"}}],"inLanguage":"tr"},{"@type":"Organization","@id":"https:\/\/nyhealthco.com\/#organization","name":"Ny Health Consulting","url":"https:\/\/nyhealthco.com\/","logo":{"@type":"ImageObject","inLanguage":"tr","@id":"https:\/\/nyhealthco.com\/#\/schema\/logo\/image\/","url":"https:\/\/nyhealthco.com\/wp-content\/uploads\/2024\/09\/cropped-nylogoicon.png","contentUrl":"https:\/\/nyhealthco.com\/wp-content\/uploads\/2024\/09\/cropped-nylogoicon.png","width":512,"height":512,"caption":"Ny Health Consulting"},"image":{"@id":"https:\/\/nyhealthco.com\/#\/schema\/logo\/image\/"},"sameAs":["https:\/\/www.instagram.com\/nyhealthco"]}]}},"_links":{"self":[{"href":"https:\/\/nyhealthco.com\/index.php\/wp-json\/wp\/v2\/pages\/10448","targetHints":{"allow":["GET"]}}],"collection":[{"href":"https:\/\/nyhealthco.com\/index.php\/wp-json\/wp\/v2\/pages"}],"about":[{"href":"https:\/\/nyhealthco.com\/index.php\/wp-json\/wp\/v2\/types\/page"}],"author":[{"embeddable":true,"href":"https:\/\/nyhealthco.com\/index.php\/wp-json\/wp\/v2\/users\/2"}],"replies":[{"embeddable":true,"href":"https:\/\/nyhealthco.com\/index.php\/wp-json\/wp\/v2\/comments?post=10448"}],"version-history":[{"count":48,"href":"https:\/\/nyhealthco.com\/index.php\/wp-json\/wp\/v2\/pages\/10448\/revisions"}],"predecessor-version":[{"id":10851,"href":"https:\/\/nyhealthco.com\/index.php\/wp-json\/wp\/v2\/pages\/10448\/revisions\/10851"}],"wp:attachment":[{"href":"https:\/\/nyhealthco.com\/index.php\/wp-json\/wp\/v2\/media?parent=10448"}],"curies":[{"name":"wp","href":"https:\/\/api.w.org\/{rel}","templated":true}]}}