{"id":8761,"date":"2025-06-03T16:52:28","date_gmt":"2025-06-03T13:52:28","guid":{"rendered":"https:\/\/nyhealthco.com\/?page_id=8761"},"modified":"2025-06-18T13:00:07","modified_gmt":"2025-06-18T10:00:07","slug":"beyin-cerrahisi","status":"publish","type":"page","link":"https:\/\/nyhealthco.com\/index.php\/beyin-cerrahisi\/","title":{"rendered":"Beyin Cerrahisi"},"content":{"rendered":"\t\t<div data-elementor-type=\"wp-page\" data-elementor-id=\"8761\" class=\"elementor elementor-8761\">\n\t\t\t\t<div class=\"elementor-element elementor-element-4ad0ed98 e-flex e-con-boxed e-con e-parent\" data-id=\"4ad0ed98\" data-element_type=\"container\" data-settings=\"{&quot;background_background&quot;:&quot;gradient&quot;,&quot;shape_divider_bottom&quot;:&quot;lqd-custom-shape-8&quot;}\">\n\t\t\t\t\t<div class=\"e-con-inner\">\n\t\t\t\t<div class=\"elementor-shape elementor-shape-bottom\" aria-hidden=\"true\" data-negative=\"false\">\n\t\t\t<svg class=\"lqd-custom-shape\" xmlns=\"http:\/\/www.w3.org\/2000\/svg\" viewBox=\"0 0 1440 100\" preserveAspectRatio=\"none\">\n    <path class=\"elementor-shape-fill\" id=\"Row_Separator\" data-name=\"Row Separator\" d=\"M1440,0Q1080,99,720,99T0,0V100H1440Z\" \/>\n<\/svg>\t\t<\/div>\n\t\t\t\t<div class=\"elementor-element elementor-element-22830ca3 elementor-widget elementor-widget-hub_fancy_heading\" data-id=\"22830ca3\" data-element_type=\"widget\" data-widget_type=\"hub_fancy_heading.default\">\n\t\t\t\t<div class=\"elementor-widget-container\">\n\t\t\t\t\t\n\t\t<div id=\"ld-fancy-heading-6a024e4a7ba0b\" class=\"ld-fancy-heading pos-rel\">\n\t\t\t<h1 class=\"ld-fh-element d-inline-block pos-rel  elementor-heading-title lqd-highlight-classic lqd-highlight-grow-left h1\"  > Beyin ve Sinir Cerrahisi<\/h1>\t\t<\/div>\n\n\t\t\t\t\t\t<\/div>\n\t\t\t\t<\/div>\n\t\t\t\t<div class=\"elementor-element elementor-element-672a30bf elementor-widget__width-initial elementor-widget-mobile__width-initial elementor-widget elementor-widget-hub_fancy_heading\" data-id=\"672a30bf\" data-element_type=\"widget\" data-widget_type=\"hub_fancy_heading.default\">\n\t\t\t\t<div class=\"elementor-widget-container\">\n\t\t\t\t\t\n\t\t<div id=\"ld-fancy-heading-6a024e4a7bee3\" class=\"ld-fancy-heading pos-rel\">\n\t\t\t<p class=\"ld-fh-element d-inline-block pos-rel  lqd-highlight-classic lqd-highlight-grow-left p\"  > Do\u011fru te\u015fhis, g\u00fcvenli m\u00fcdahale ile sa\u011fl\u0131\u011f\u0131n\u0131z i\u00e7in g\u00fcvenli cerrahi \u00e7\u00f6z\u00fcmler! NY Health profesyonel ekibi ile her zaman haz\u0131r.<\/p>\t\t<\/div>\n\n\t\t\t\t\t\t<\/div>\n\t\t\t\t<\/div>\n\t\t\t\t\t<\/div>\n\t\t\t\t<\/div>\n\t\t<div class=\"elementor-element elementor-element-5d5f2521 e-flex e-con-boxed e-con e-parent\" data-id=\"5d5f2521\" data-element_type=\"container\">\n\t\t\t\t\t<div class=\"e-con-inner\">\n\t\t<div class=\"lqd-css-sticky elementor-element elementor-element-44e82f32 e-con-full e-flex e-con e-child\" style=\"top: auto; top: 130px;\" data-id=\"44e82f32\" data-element_type=\"container\">\n\t\t\t\t<div class=\"elementor-element elementor-element-9b7fea8 elementor-widget elementor-widget-hub_fancy_heading\" data-id=\"9b7fea8\" data-element_type=\"widget\" data-widget_type=\"hub_fancy_heading.default\">\n\t\t\t\t<div class=\"elementor-widget-container\">\n\t\t\t\t\t\n\t\t<div id=\"ld-fancy-heading-6a024e4a7c272\" class=\"ld-fancy-heading pos-rel\">\n\t\t\t<h2 class=\"ld-fh-element d-inline-block pos-rel  elementor-heading-title lqd-highlight-custom lqd-highlight-custom-1 h2\"  > Beyin ve Sinir Cerrahisi<\/h2>\t\t<\/div>\n\n\t\t\t\t\t\t<\/div>\n\t\t\t\t<\/div>\n\t\t\t\t<div class=\"elementor-element elementor-element-5246c22 elementor-widget__width-initial elementor-widget-tablet__width-inherit elementor-widget elementor-widget-ld_custom_menu\" data-id=\"5246c22\" data-element_type=\"widget\" data-widget_type=\"ld_custom_menu.default\">\n\t\t\t\t<div class=\"elementor-widget-container\">\n\t\t\t\t\t\n\t\t\t<div\t\t\t\tclass=\"lqd-fancy-menu lqd-custom-menu pos-rel menu-items-has-fill left lqd-menu-td-none lqd-custom-menu-expand-items\"\n\t\t\t\t\t\t\t>\n\t\t\t\n\t\t\t\t\t\t<ul id=\"lqd-custom-menu-5246c22\" class=\"reset-ul   \" itemtype=\"http:\/\/schema.org\/SiteNavigationElement\" itemscope=\"itemscope\"><li id=\"menu-item-8866\" class=\"menu-item menu-item-type-post_type menu-item-object-page menu-item-has-children menu-item-8866\"><a href=\"https:\/\/nyhealthco.com\/index.php\/beyin-cerrahisi\/\">Beyin Cerrahisi<span class=\"submenu-expander pos-abs\"><svg xmlns=\"http:\/\/www.w3.org\/2000\/svg\" width=\"21\" height=\"32\" viewBox=\"0 0 21 32\" style=\"width: 1em; height: 1em;\"><path fill=\"currentColor\" d=\"M10.5 18.375l7.938-7.938c.562-.562 1.562-.562 2.125 0s.562 1.563 0 2.126l-9 9c-.563.562-1.5.625-2.063.062L.437 12.562C.126 12.25 0 11.876 0 11.5s.125-.75.438-1.063c.562-.562 1.562-.562 2.124 0z\"><\/path><\/svg><\/span><\/a>\n<ul class=\"nav-item-children\">\n\t<li id=\"menu-item-8867\" class=\"menu-item menu-item-type-post_type menu-item-object-page menu-item-8867\"><a href=\"https:\/\/nyhealthco.com\/index.php\/beyin-cerrahisi\/vagal-sinir-stimulasyonu\/\">Vagal Sinir Stim\u00fclasyonu<\/a><\/li>\n\t<li id=\"menu-item-8868\" class=\"menu-item menu-item-type-post_type menu-item-object-page menu-item-8868\"><a href=\"https:\/\/nyhealthco.com\/index.php\/beyin-cerrahisi\/derin-beyin-stimulasyonu\/\">Derin Beyin Stim\u00fclasyonu<\/a><\/li>\n<\/ul>\n<\/li>\n<\/ul>\t\t\t\t\t\t\t\t\t<\/div>\n\t\t\t\t\t\t<\/div>\n\t\t\t\t<\/div>\n\t\t<div class=\"elementor-element elementor-element-66fe04d9 e-con-full e-flex e-con e-child\" data-id=\"66fe04d9\" data-element_type=\"container\" data-settings=\"{&quot;background_background&quot;:&quot;classic&quot;}\">\n\t\t\t\t<div class=\"lqd-iconbox-scale elementor-element elementor-element-47207a97 elementor-widget-tablet__width-inherit elementor-align-left elementor-widget elementor-widget-ld_icon_box\" data-id=\"47207a97\" data-element_type=\"widget\" data-settings=\"{&quot;enable_scale_animation&quot;:&quot;yes&quot;}\" data-widget_type=\"ld_icon_box.default\">\n\t\t\t\t<div class=\"elementor-widget-container\">\n\t\t\t\t\t\n\t\t\t<div id=\"ld_icon_box_47207a97\" class=\"iconbox d-flex flex-grow-1 pos-rel flex-column iconbox-default\"   >\n\n\t\t\t\t\n\t\t\t\t<div class=\"iconbox-icon-wrap  \"><div class=\"iconbox-icon-container d-inline-flex   \"><\/div><\/div>\n\t\t\t\t\n\t\t\t\t<div class=\"contents \">\n\t\t\t\t\n\t\t\t\t<h4 class=\"lqd-iconbox-heading \" >Daha fazla bilgi <\/h4>\t\t\t\t<p>Daha fazla bilgi almak veya sorular\u0131n\u0131zla ilgili destek almak i\u00e7in bizimle ileti\u015fime ge\u00e7mekten \u00e7ekinmeyin. Size yard\u0131mc\u0131 olmaktan memnuniyet duyar\u0131z. <\/p>\n\t\t\t\t\t\t\t\t<a href=\"#\" class=\"elementor-button btn ws-nowrap btn-naked btn-icon-right btn-has-label\" >\n\t\t\t\t\t\t\t\t\t\t\t<span class=\"btn-txt\"  data-text=\"\u0130leti\u015fme ge\u00e7!\" >\u0130leti\u015fme ge\u00e7!<\/span>\n\t\t\t\t\t\t\t\t\t\t<span class=\"btn-icon\"><i class=\"lqd-icn-ess icon-md-arrow-forward\"><\/i><\/span>\t\t\t\t<\/a>\n\n\t\t\t\t\n\t\t\t\t<\/div>\n\t\t\t\t\n\t\t\t<\/div>\n\n\t\t\t\t\t\t<\/div>\n\t\t\t\t<\/div>\n\t\t\t\t<\/div>\n\t\t<div class=\"elementor-element elementor-element-49b95751 e-con-full e-flex e-con e-child\" data-id=\"49b95751\" data-element_type=\"container\" data-settings=\"{&quot;background_background&quot;:&quot;classic&quot;}\">\n\t\t\t\t<div class=\"lqd-iconbox-scale elementor-element elementor-element-63fdd58b elementor-align-left elementor-widget elementor-widget-ld_icon_box\" data-id=\"63fdd58b\" data-element_type=\"widget\" data-settings=\"{&quot;enable_scale_animation&quot;:&quot;yes&quot;}\" data-widget_type=\"ld_icon_box.default\">\n\t\t\t\t<div class=\"elementor-widget-container\">\n\t\t\t\t\t\n\t\t\t<div id=\"ld_icon_box_63fdd58b\" class=\"iconbox d-flex flex-grow-1 pos-rel align-items-center z-index-2 iconbox-side iconbox-icon-linked\"   >\n\n\t\t\t\t\n\t\t\t\t<div class=\"iconbox-icon-wrap d-flex align-items-center pos-rel\"><div class=\"iconbox-icon-container d-inline-flex   \"><\/div><\/div>\n\t\t\t\t\n\t\t\t\t<div class=\"contents \">\n\t\t\t\t\n\t\t\t\t<h3 class=\"lqd-iconbox-heading \" >M\u00fc\u015fteri Hizmetleri <\/h3>\t\t\t\t<p>+90 532 100 66 78<\/p>\n\t\t\t\t\n\t\t\t\t<\/div>\n\t\t\t\t\n\t\t\t<\/div>\n\n\t\t\t\t\t\t<\/div>\n\t\t\t\t<\/div>\n\t\t\t\t<\/div>\n\t\t\t\t<\/div>\n\t\t<div class=\"elementor-element elementor-element-1d9da1c0 e-con-full e-flex e-con e-child\" data-id=\"1d9da1c0\" data-element_type=\"container\">\n\t\t<div class=\"elementor-element elementor-element-7081a408 e-con-full e-flex e-con e-child\" data-id=\"7081a408\" data-element_type=\"container\">\n\t\t<div class=\"elementor-element elementor-element-4f4b0c83 e-flex e-con-boxed e-con e-child\" data-id=\"4f4b0c83\" data-element_type=\"container\">\n\t\t\t\t\t<div class=\"e-con-inner\">\n\t\t\t\t<div class=\"elementor-element elementor-element-2d3beae2 elementor-widget elementor-widget-ld_content_box\" data-id=\"2d3beae2\" data-element_type=\"widget\" data-widget_type=\"ld_content_box.default\">\n\t\t\t\t<div class=\"elementor-widget-container\">\n\t\t\t\t\t\n\t\t<div class=\"lqd-fb pos-rel lqd-fb-style-1 lqd-fb-style-1-3 lqd-fb-content-overlay lqd-fb-zoom-img-onhover border-radius-4 overflow-hidden h-pt-50\" data-inview=\"true\">\n\t\t\t\t\t<div class=\"lqd-fb-inner lqd-overlay\">\n\n\t\t\t\t<div class=\"overflow-hidden lqd-fb-img lqd-overlay\">\n\n\t\t\t\t\t<figure class=\"w-100 h-100\">\n\t\t\t\t\t\t<img decoding=\"async\" class=\"w-100 h-100 objfit-cover objpos-center lazyload\" data-src=\"https:\/\/nyhealthco.com\/wp-content\/uploads\/2025\/06\/Beyin-ve-Sinir-Cerrahisi.jpg\" src=\"data:image\/svg+xml;base64,PHN2ZyB3aWR0aD0iMSIgaGVpZ2h0PSIxIiB4bWxucz0iaHR0cDovL3d3dy53My5vcmcvMjAwMC9zdmciPjwvc3ZnPg==\" style=\"--smush-placeholder-width: 1000px; --smush-placeholder-aspect-ratio: 1000\/560;\">\t\t\t\t\t<\/figure>\n\n\t\t\t\t<\/div>\n\n\t\t\t\t<div class=\"lqd-fb-content lqd-overlay d-flex align-items-end\">\n\t\t\t\t\t<div class=\"lqd-fb-bg lqd-overlay\"><\/div>\n\t\t\t\t\t<div class=\"lqd-fb-hover-overlay lqd-overlay\"><\/div>\n\t\t\t\t\t<div class=\"lqd-fb-content-inner d-flex flex-column justify-content-between pos-rel h-100 w-100 p-4\">\n\n\t\t\t\t\t\t\t\t\t\t\t\t<div class=\"lqd-fb-content-top\">\n\t\t\t\t\t\t\t<h6 class=\"mt-0 mb-0\">NY Health<\/h6>\n\t\t\t\t\t\t<\/div>\n\t\t\t\t\t\t\n\t\t\t\t\t\t<div class=\"lqd-fb-content-bottom\">\n\n\t\t\t\t\t\t\t<h4 class=\"lqd-fb__title mt-0 mb-2 \">BEY\u0130N VE S\u0130N\u0130R CERRAH\u0130S\u0130<\/h4>\n\t\t\t\t\t\t\t\n\t\t\t\t\t\t<\/div>\n\n\t\t\t\t\t\t\n\t\t\t\t\t<\/div>\n\t\t\t\t<\/div>\n\n\t\t\t\t<\/div>\n\t\t\t\t\t<\/div>\n\t\t\t\t\t\t<\/div>\n\t\t\t\t<\/div>\n\t\t\t\t\t<\/div>\n\t\t\t\t<\/div>\n\t\t<div class=\"elementor-element elementor-element-79d494f3 e-flex e-con-boxed e-con e-child\" data-id=\"79d494f3\" data-element_type=\"container\">\n\t\t\t\t\t<div class=\"e-con-inner\">\n\t\t\t\t<div class=\"elementor-element elementor-element-4a1e57c9 elementor-widget elementor-widget-hub_fancy_heading\" data-id=\"4a1e57c9\" data-element_type=\"widget\" data-widget_type=\"hub_fancy_heading.default\">\n\t\t\t\t<div class=\"elementor-widget-container\">\n\t\t\t\t\t\n\t\t<div id=\"ld-fancy-heading-6a024e4a8224e\" class=\"ld-fancy-heading pos-rel\">\n\t\t\t<h3 class=\"ld-fh-element d-inline-block pos-rel  elementor-heading-title lqd-highlight-classic lqd-highlight-grow-left h3\"  > Beyin ve Sinir Cerrahisi<\/h3>\t\t<\/div>\n\n\t\t\t\t\t\t<\/div>\n\t\t\t\t<\/div>\n\t\t\t\t<div class=\"elementor-element elementor-element-294fb751 elementor-widget elementor-widget-hub_fancy_heading\" data-id=\"294fb751\" data-element_type=\"widget\" data-widget_type=\"hub_fancy_heading.default\">\n\t\t\t\t<div class=\"elementor-widget-container\">\n\t\t\t\t\t\n\t\t<div id=\"ld-fancy-heading-6a024e4a825ef\" class=\"ld-fancy-heading pos-rel\">\n\t\t\t<p class=\"ld-fh-element d-inline-block pos-rel  lqd-highlight-classic lqd-highlight-grow-left p\"  > <b>Beyin ve Sinir Cerrahisinde Uzmanl\u0131k ve G\u00fcven Bir Arada<\/b><br><br>\nBeyin ve sinir sistemi hastal\u0131klar\u0131, hem fonksiyonel hem de ya\u015fam kalitesini do\u011frudan etkileyen karma\u015f\u0131k sa\u011fl\u0131k sorunlar\u0131d\u0131r.<br><br>\nNY Health olarak, n\u00f6rolojik ve cerrahi de\u011ferlendirmeyi entegre \u015fekilde y\u00fcr\u00fcten uzman ekiplerimizle; hastalar\u0131m\u0131za ileri teknoloji destekli, ki\u015fiye \u00f6zel tedavi s\u00fcre\u00e7leri sunuyoruz.<\/p>\t\t<\/div>\n\n\t\t\t\t\t\t<\/div>\n\t\t\t\t<\/div>\n\t\t\t\t\t<\/div>\n\t\t\t\t<\/div>\n\t\t\t\t<div class=\"elementor-element elementor-element-13d62d7 elementor-widget elementor-widget-html\" data-id=\"13d62d7\" data-element_type=\"widget\" data-widget_type=\"html.default\">\n\t\t\t\t\t<div style=\"background-color: #eef7f8; border-left: 5px solid #1c6b79; border-radius: 8px; padding: 24px; font-family: Arial, sans-serif; color: #1c6b79; box-shadow: 0 1px 4px rgba(0,0,0,0.05); margin-top: 24px;\">\n  <p style=\"font-size: 16px; font-weight: bold; margin: 0 0 8px 0;\">NY Health ile do\u011fru tan\u0131, planl\u0131 cerrahi, g\u00fcvenli iyile\u015fme<\/p>\n  <p style=\"font-size: 15px; line-height: 1.6; margin: 0 0 8px 0;\">\n    Uluslararas\u0131 standartlara sahip hastaneler, deneyimli n\u00f6ro\u015fir\u00fcrji uzmanlar\u0131 ve multidisipliner ekip deste\u011fiyle; tan\u0131dan tedaviye t\u00fcm s\u00fcre\u00e7leri hasta odakl\u0131 \u015fekilde y\u00fcr\u00fct\u00fcyoruz.\n  <\/p>\n  <p style=\"font-size: 15px; line-height: 1.6; margin: 0;\">\n    Uzaktan \u00f6n de\u011ferlendirme, tetkik analizi, konaklama ve refakat\u00e7i deste\u011fi gibi t\u00fcm sa\u011fl\u0131k turizmi ihtiya\u00e7lar\u0131n\u0131z i\u00e7in bizimle ileti\u015fime ge\u00e7ebilirsiniz.\n  <\/p>\n<\/div>\n\t\t\t\t<\/div>\n\t\t\t\t<\/div>\n\t\t\t\t<\/div>\n\t\t\t\t\t<\/div>\n\t\t\t\t<\/div>\n\t\t\t\t<\/div>\n\t\t","protected":false},"excerpt":{"rendered":"<p>Beyin ve Sinir Cerrahisi Do\u011fru te\u015fhis, g\u00fcvenli m\u00fcdahale ile sa\u011fl\u0131\u011f\u0131n\u0131z i\u00e7in g\u00fcvenli cerrahi \u00e7\u00f6z\u00fcmler! NY Health profesyonel ekibi ile her zaman haz\u0131r. Beyin ve Sinir Cerrahisi Beyin Cerrahisi Vagal Sinir Stim\u00fclasyonu Derin Beyin Stim\u00fclasyonu Daha fazla bilgi Daha fazla bilgi almak veya sorular\u0131n\u0131zla ilgili destek almak i\u00e7in bizimle ileti\u015fime ge\u00e7mekten \u00e7ekinmeyin. Size yard\u0131mc\u0131 olmaktan memnuniyet [&hellip;]<\/p>\n","protected":false},"author":2,"featured_media":0,"parent":0,"menu_order":0,"comment_status":"closed","ping_status":"closed","template":"","meta":{"footnotes":""},"class_list":["post-8761","page","type-page","status-publish","hentry"],"yoast_head":"<!-- This site is optimized with the Yoast SEO plugin v25.3.1 - https:\/\/yoast.com\/wordpress\/plugins\/seo\/ -->\n<title>Beyin Cerrahisi &#8226; Ny Health Consulting<\/title>\n<meta name=\"description\" content=\"Beyin t\u00fcm\u00f6rleri, bel f\u0131t\u0131\u011f\u0131, omurga hastal\u0131klar\u0131 gibi n\u00f6rolojik sorunlarda uluslararas\u0131 hastalara \u00f6zel cerrahi \u00e7\u00f6z\u00fcmler. NY Health ile \u0130stanbul\u2019da g\u00fcvenli tedavi.\" \/>\n<meta name=\"robots\" content=\"index, follow, max-snippet:-1, max-image-preview:large, max-video-preview:-1\" \/>\n<link rel=\"canonical\" href=\"https:\/\/nyhealthco.com\/index.php\/beyin-cerrahisi\/\" \/>\n<meta property=\"og:locale\" content=\"tr_TR\" \/>\n<meta property=\"og:type\" content=\"article\" \/>\n<meta property=\"og:title\" content=\"Beyin Cerrahisi &#8226; Ny Health Consulting\" \/>\n<meta property=\"og:description\" content=\"Beyin t\u00fcm\u00f6rleri, bel f\u0131t\u0131\u011f\u0131, omurga hastal\u0131klar\u0131 gibi n\u00f6rolojik sorunlarda uluslararas\u0131 hastalara \u00f6zel cerrahi \u00e7\u00f6z\u00fcmler. NY Health ile \u0130stanbul\u2019da g\u00fcvenli tedavi.\" \/>\n<meta property=\"og:url\" content=\"https:\/\/nyhealthco.com\/index.php\/beyin-cerrahisi\/\" \/>\n<meta property=\"og:site_name\" content=\"Ny Health Consulting\" \/>\n<meta property=\"article:modified_time\" content=\"2025-06-18T10:00:07+00:00\" \/>\n<meta property=\"og:image\" content=\"https:\/\/nyhealthco.com\/wp-content\/uploads\/2025\/06\/Beyin-ve-Sinir-Cerrahisi.jpg\" \/>\n<meta name=\"twitter:card\" content=\"summary_large_image\" \/>\n<meta name=\"twitter:label1\" content=\"Tahmini okuma s\u00fcresi\" \/>\n\t<meta name=\"twitter:data1\" content=\"2 dakika\" \/>\n<script type=\"application\/ld+json\" class=\"yoast-schema-graph\">{\"@context\":\"https:\/\/schema.org\",\"@graph\":[{\"@type\":\"WebPage\",\"@id\":\"https:\/\/nyhealthco.com\/index.php\/beyin-cerrahisi\/\",\"url\":\"https:\/\/nyhealthco.com\/index.php\/beyin-cerrahisi\/\",\"name\":\"Beyin Cerrahisi &#8226; Ny Health Consulting\",\"isPartOf\":{\"@id\":\"https:\/\/nyhealthco.com\/#website\"},\"primaryImageOfPage\":{\"@id\":\"https:\/\/nyhealthco.com\/index.php\/beyin-cerrahisi\/#primaryimage\"},\"image\":{\"@id\":\"https:\/\/nyhealthco.com\/index.php\/beyin-cerrahisi\/#primaryimage\"},\"thumbnailUrl\":\"https:\/\/nyhealthco.com\/wp-content\/uploads\/2025\/06\/Beyin-ve-Sinir-Cerrahisi.jpg\",\"datePublished\":\"2025-06-03T13:52:28+00:00\",\"dateModified\":\"2025-06-18T10:00:07+00:00\",\"description\":\"Beyin t\u00fcm\u00f6rleri, bel f\u0131t\u0131\u011f\u0131, omurga hastal\u0131klar\u0131 gibi n\u00f6rolojik sorunlarda uluslararas\u0131 hastalara \u00f6zel cerrahi \u00e7\u00f6z\u00fcmler. NY Health ile \u0130stanbul\u2019da g\u00fcvenli tedavi.\",\"breadcrumb\":{\"@id\":\"https:\/\/nyhealthco.com\/index.php\/beyin-cerrahisi\/#breadcrumb\"},\"inLanguage\":\"tr\",\"potentialAction\":[{\"@type\":\"ReadAction\",\"target\":[\"https:\/\/nyhealthco.com\/index.php\/beyin-cerrahisi\/\"]}]},{\"@type\":\"ImageObject\",\"inLanguage\":\"tr\",\"@id\":\"https:\/\/nyhealthco.com\/index.php\/beyin-cerrahisi\/#primaryimage\",\"url\":\"https:\/\/nyhealthco.com\/wp-content\/uploads\/2025\/06\/Beyin-ve-Sinir-Cerrahisi.jpg\",\"contentUrl\":\"https:\/\/nyhealthco.com\/wp-content\/uploads\/2025\/06\/Beyin-ve-Sinir-Cerrahisi.jpg\",\"width\":1000,\"height\":560,\"caption\":\"Beyin ve Sinir Cerrahisi\"},{\"@type\":\"BreadcrumbList\",\"@id\":\"https:\/\/nyhealthco.com\/index.php\/beyin-cerrahisi\/#breadcrumb\",\"itemListElement\":[{\"@type\":\"ListItem\",\"position\":1,\"name\":\"Anasayfa\",\"item\":\"https:\/\/nyhealthco.com\/\"},{\"@type\":\"ListItem\",\"position\":2,\"name\":\"Beyin Cerrahisi\"}]},{\"@type\":\"WebSite\",\"@id\":\"https:\/\/nyhealthco.com\/#website\",\"url\":\"https:\/\/nyhealthco.com\/\",\"name\":\"Ny Health Consulting\",\"description\":\"En g\u00fcncel sa\u011fl\u0131k \u00e7\u00f6z\u00fcmleriyle yan\u0131n\u0131zday\u0131z!\",\"publisher\":{\"@id\":\"https:\/\/nyhealthco.com\/#organization\"},\"potentialAction\":[{\"@type\":\"SearchAction\",\"target\":{\"@type\":\"EntryPoint\",\"urlTemplate\":\"https:\/\/nyhealthco.com\/?s={search_term_string}\"},\"query-input\":{\"@type\":\"PropertyValueSpecification\",\"valueRequired\":true,\"valueName\":\"search_term_string\"}}],\"inLanguage\":\"tr\"},{\"@type\":\"Organization\",\"@id\":\"https:\/\/nyhealthco.com\/#organization\",\"name\":\"Ny Health Consulting\",\"url\":\"https:\/\/nyhealthco.com\/\",\"logo\":{\"@type\":\"ImageObject\",\"inLanguage\":\"tr\",\"@id\":\"https:\/\/nyhealthco.com\/#\/schema\/logo\/image\/\",\"url\":\"https:\/\/nyhealthco.com\/wp-content\/uploads\/2024\/09\/cropped-nylogoicon.png\",\"contentUrl\":\"https:\/\/nyhealthco.com\/wp-content\/uploads\/2024\/09\/cropped-nylogoicon.png\",\"width\":512,\"height\":512,\"caption\":\"Ny Health Consulting\"},\"image\":{\"@id\":\"https:\/\/nyhealthco.com\/#\/schema\/logo\/image\/\"},\"sameAs\":[\"https:\/\/www.instagram.com\/nyhealthco\"]}]}<\/script>\n<!-- \/ Yoast SEO plugin. -->","yoast_head_json":{"title":"Beyin Cerrahisi &#8226; Ny Health Consulting","description":"Beyin t\u00fcm\u00f6rleri, bel f\u0131t\u0131\u011f\u0131, omurga hastal\u0131klar\u0131 gibi n\u00f6rolojik sorunlarda uluslararas\u0131 hastalara \u00f6zel cerrahi \u00e7\u00f6z\u00fcmler. NY Health ile \u0130stanbul\u2019da g\u00fcvenli tedavi.","robots":{"index":"index","follow":"follow","max-snippet":"max-snippet:-1","max-image-preview":"max-image-preview:large","max-video-preview":"max-video-preview:-1"},"canonical":"https:\/\/nyhealthco.com\/index.php\/beyin-cerrahisi\/","og_locale":"tr_TR","og_type":"article","og_title":"Beyin Cerrahisi &#8226; Ny Health Consulting","og_description":"Beyin t\u00fcm\u00f6rleri, bel f\u0131t\u0131\u011f\u0131, omurga hastal\u0131klar\u0131 gibi n\u00f6rolojik sorunlarda uluslararas\u0131 hastalara \u00f6zel cerrahi \u00e7\u00f6z\u00fcmler. NY Health ile \u0130stanbul\u2019da g\u00fcvenli tedavi.","og_url":"https:\/\/nyhealthco.com\/index.php\/beyin-cerrahisi\/","og_site_name":"Ny Health Consulting","article_modified_time":"2025-06-18T10:00:07+00:00","og_image":[{"url":"https:\/\/nyhealthco.com\/wp-content\/uploads\/2025\/06\/Beyin-ve-Sinir-Cerrahisi.jpg","type":"","width":"","height":""}],"twitter_card":"summary_large_image","twitter_misc":{"Tahmini okuma s\u00fcresi":"2 dakika"},"schema":{"@context":"https:\/\/schema.org","@graph":[{"@type":"WebPage","@id":"https:\/\/nyhealthco.com\/index.php\/beyin-cerrahisi\/","url":"https:\/\/nyhealthco.com\/index.php\/beyin-cerrahisi\/","name":"Beyin Cerrahisi &#8226; Ny Health Consulting","isPartOf":{"@id":"https:\/\/nyhealthco.com\/#website"},"primaryImageOfPage":{"@id":"https:\/\/nyhealthco.com\/index.php\/beyin-cerrahisi\/#primaryimage"},"image":{"@id":"https:\/\/nyhealthco.com\/index.php\/beyin-cerrahisi\/#primaryimage"},"thumbnailUrl":"https:\/\/nyhealthco.com\/wp-content\/uploads\/2025\/06\/Beyin-ve-Sinir-Cerrahisi.jpg","datePublished":"2025-06-03T13:52:28+00:00","dateModified":"2025-06-18T10:00:07+00:00","description":"Beyin t\u00fcm\u00f6rleri, bel f\u0131t\u0131\u011f\u0131, omurga hastal\u0131klar\u0131 gibi n\u00f6rolojik sorunlarda uluslararas\u0131 hastalara \u00f6zel cerrahi \u00e7\u00f6z\u00fcmler. NY Health ile \u0130stanbul\u2019da g\u00fcvenli tedavi.","breadcrumb":{"@id":"https:\/\/nyhealthco.com\/index.php\/beyin-cerrahisi\/#breadcrumb"},"inLanguage":"tr","potentialAction":[{"@type":"ReadAction","target":["https:\/\/nyhealthco.com\/index.php\/beyin-cerrahisi\/"]}]},{"@type":"ImageObject","inLanguage":"tr","@id":"https:\/\/nyhealthco.com\/index.php\/beyin-cerrahisi\/#primaryimage","url":"https:\/\/nyhealthco.com\/wp-content\/uploads\/2025\/06\/Beyin-ve-Sinir-Cerrahisi.jpg","contentUrl":"https:\/\/nyhealthco.com\/wp-content\/uploads\/2025\/06\/Beyin-ve-Sinir-Cerrahisi.jpg","width":1000,"height":560,"caption":"Beyin ve Sinir Cerrahisi"},{"@type":"BreadcrumbList","@id":"https:\/\/nyhealthco.com\/index.php\/beyin-cerrahisi\/#breadcrumb","itemListElement":[{"@type":"ListItem","position":1,"name":"Anasayfa","item":"https:\/\/nyhealthco.com\/"},{"@type":"ListItem","position":2,"name":"Beyin Cerrahisi"}]},{"@type":"WebSite","@id":"https:\/\/nyhealthco.com\/#website","url":"https:\/\/nyhealthco.com\/","name":"Ny Health Consulting","description":"En g\u00fcncel sa\u011fl\u0131k \u00e7\u00f6z\u00fcmleriyle yan\u0131n\u0131zday\u0131z!","publisher":{"@id":"https:\/\/nyhealthco.com\/#organization"},"potentialAction":[{"@type":"SearchAction","target":{"@type":"EntryPoint","urlTemplate":"https:\/\/nyhealthco.com\/?s={search_term_string}"},"query-input":{"@type":"PropertyValueSpecification","valueRequired":true,"valueName":"search_term_string"}}],"inLanguage":"tr"},{"@type":"Organization","@id":"https:\/\/nyhealthco.com\/#organization","name":"Ny Health Consulting","url":"https:\/\/nyhealthco.com\/","logo":{"@type":"ImageObject","inLanguage":"tr","@id":"https:\/\/nyhealthco.com\/#\/schema\/logo\/image\/","url":"https:\/\/nyhealthco.com\/wp-content\/uploads\/2024\/09\/cropped-nylogoicon.png","contentUrl":"https:\/\/nyhealthco.com\/wp-content\/uploads\/2024\/09\/cropped-nylogoicon.png","width":512,"height":512,"caption":"Ny Health Consulting"},"image":{"@id":"https:\/\/nyhealthco.com\/#\/schema\/logo\/image\/"},"sameAs":["https:\/\/www.instagram.com\/nyhealthco"]}]}},"_links":{"self":[{"href":"https:\/\/nyhealthco.com\/index.php\/wp-json\/wp\/v2\/pages\/8761","targetHints":{"allow":["GET"]}}],"collection":[{"href":"https:\/\/nyhealthco.com\/index.php\/wp-json\/wp\/v2\/pages"}],"about":[{"href":"https:\/\/nyhealthco.com\/index.php\/wp-json\/wp\/v2\/types\/page"}],"author":[{"embeddable":true,"href":"https:\/\/nyhealthco.com\/index.php\/wp-json\/wp\/v2\/users\/2"}],"replies":[{"embeddable":true,"href":"https:\/\/nyhealthco.com\/index.php\/wp-json\/wp\/v2\/comments?post=8761"}],"version-history":[{"count":24,"href":"https:\/\/nyhealthco.com\/index.php\/wp-json\/wp\/v2\/pages\/8761\/revisions"}],"predecessor-version":[{"id":10032,"href":"https:\/\/nyhealthco.com\/index.php\/wp-json\/wp\/v2\/pages\/8761\/revisions\/10032"}],"wp:attachment":[{"href":"https:\/\/nyhealthco.com\/index.php\/wp-json\/wp\/v2\/media?parent=8761"}],"curies":[{"name":"wp","href":"https:\/\/api.w.org\/{rel}","templated":true}]}}